{"id":815,"date":"2016-07-27T16:08:04","date_gmt":"2016-07-27T13:08:04","guid":{"rendered":"https:\/\/kerespets.ee\/autohooldus\/"},"modified":"2021-04-27T22:27:19","modified_gmt":"2021-04-27T19:27:19","slug":"palvelut","status":"publish","type":"page","link":"https:\/\/kerespets.ee\/fi\/palvelut\/","title":{"rendered":"PALVELUT"},"content":{"rendered":"<div class=\"wpb-content-wrapper\"><p>[vc_row][vc_column][vc_column_text]<\/p>\n<h4><strong>Kerespetsi <\/strong>avulla voit saada vastauksia tai ratkaisuja kaikkiin autokysymyksiisi. Tarjoamme sinulle seuravaan:<\/h4>\n<p>[\/vc_column_text][\/vc_column][\/vc_row][vc_row css=&#8221;.vc_custom_1469740943509{margin-top: 25px !important;}&#8221; el_class=&#8221;teenused_teenused&#8221;][vc_column width=&#8221;1\/3&#8243;][vc_column_text]<i class=\"fa fa-check\"><\/i>\u00a0Pintak\u00e4sittely &#8211; ja maalaust\u00f6ita<br \/>\n<i class=\"fa fa-check\"><\/i>\u00a0Klassikautojen entis\u00f6inti<br \/>\n<i class=\"fa fa-check\"><\/i>\u00a0Hinauspalvelu &#8211; 51 444 65<br \/>\n<i class=\"fa fa-check\"><\/i>\u00a0Ilmastointihuolto[\/vc_column_text][\/vc_column][vc_column width=&#8221;1\/3&#8243;][vc_column_text]<i class=\"fa fa-check\"><\/i>\u00a0Vahinkok\u00e4sittely<br \/>\n<i class=\"fa fa-check\"><\/i>\u00a03D-nelipy\u00f6r\u00e4suuntaus<br \/>\n<i class=\"fa fa-check\"><\/i>\u00a0Renkaiden ty\u00f6 ja varastointi<br \/>\n<i class=\"fa fa-check\"><\/i>\u00a0Tuulilaisn vaihto[\/vc_column_text][\/vc_column][vc_column width=&#8221;1\/3&#8243;][vc_column_text]<i class=\"fa fa-check\"><\/i> Korvaava ajoneuvo<br \/>\n<i class=\"fa fa-check\"><\/i>\u00a0Huolto ja korjaus<br \/>\n<i class=\"fa fa-check\"><\/i>\u00a0Autopesu[\/vc_column_text][\/vc_column][\/vc_row][vc_row css=&#8221;.vc_custom_1469738505499{margin-top: 30px !important;}&#8221;][vc_column][vc_empty_space][vc_column_text css=&#8221;.vc_custom_1586970216655{padding-bottom: 10px !important;}&#8221;]<\/p>\n<h2 style=\"text-align: center;\">Lue lis\u00e4\u00e4<\/h2>\n<p>[\/vc_column_text][vc_separator color=&#8221;custom&#8221; border_width=&#8221;4&#8243; el_width=&#8221;10&#8243; accent_color=&#8221;#ffd20b&#8221;][\/vc_column][vc_column css=&#8221;.vc_custom_1469741165308{padding-top: 30px !important;}&#8221;][vc_row_inner][vc_column_inner width=&#8221;1\/3&#8243;][vc_btn title=&#8221;Pintak\u00e4sittely&#8221; style=&#8221;classic&#8221; shape=&#8221;square&#8221; align=&#8221;left&#8221; el_class=&#8221;broneeri_nupp&#8221; link=&#8221;url:https%3A%2F%2Fkerespets.ee%2Fkeretood%2F%3Flang%3Dfi|title:PINTAK%C3%84SITTELY||&#8221;][\/vc_column_inner][vc_column_inner width=&#8221;1\/3&#8243;][vc_btn title=&#8221;Huolto ja korjaus&#8221; style=&#8221;classic&#8221; shape=&#8221;square&#8221; align=&#8221;left&#8221; el_class=&#8221;broneeri_nupp&#8221; link=&#8221;url:https%3A%2F%2Fkerespets.ee%2Fhooldus-ja-remonttood%2F%3Flang%3Dfihttps%3A%2F%2Fkerespets.ee%2Fhooldus-ja-remonttood%2F|title:HUOLTO%20JA%20KORJAUS||&#8221;][\/vc_column_inner][vc_column_inner width=&#8221;1\/3&#8243;][vc_btn title=&#8221;Autonpesu&#8221; style=&#8221;classic&#8221; shape=&#8221;square&#8221; align=&#8221;left&#8221; el_class=&#8221;broneeri_nupp&#8221; link=&#8221;url:https%3A%2F%2Fkerespets.ee%2Fautopesula%2F%3Flang%3Dfi|title:AUTONPESU||&#8221;][\/vc_column_inner][\/vc_row_inner][vc_empty_space][vc_column_text css=&#8221;.vc_custom_1586970229084{padding-bottom: 10px !important;}&#8221;]<\/p>\n<h2 style=\"text-align: center;\">Lis\u00e4tietoja<\/h2>\n<p>[\/vc_column_text][vc_separator color=&#8221;custom&#8221; border_width=&#8221;4&#8243; el_width=&#8221;10&#8243; accent_color=&#8221;#ffd20b&#8221;][vc_column_text css=&#8221;.vc_custom_1586970124185{padding-top: 20px !important;}&#8221;]Pyyd\u00e4 lis\u00e4tietoja tai varaa tapaaminen soittamalla meille +372 56 82 22 82 tai s\u00e4hk\u00f6postitse: <a href=\"mailto:kerespets@kerespets.ee\">kerespets@kerespets.ee<\/a>[\/vc_column_text][\/vc_column][\/vc_row]<\/p>\n<\/div>","protected":false},"excerpt":{"rendered":"<p>[vc_row][vc_column][vc_column_text] Kerespetsi avulla voit saada vastauksia tai ratkaisuja kaikkiin autokysymyksiisi. Tarjoamme sinulle seuravaan: [\/vc_column_text][\/vc_column][\/vc_row][vc_row css=&#8221;.vc_custom_1469740943509{margin-top: 25px !important;}&#8221; el_class=&#8221;teenused_teenused&#8221;][vc_column width=&#8221;1\/3&#8243;][vc_column_text]\u00a0Pintak\u00e4sittely &#8211; ja maalaust\u00f6ita<\/p>\n","protected":false},"author":1,"featured_media":0,"parent":0,"menu_order":0,"comment_status":"closed","ping_status":"closed","template":"","meta":{"footnotes":""},"class_list":["post-815","page","type-page","status-publish","hentry"],"_links":{"self":[{"href":"https:\/\/kerespets.ee\/fi\/wp-json\/wp\/v2\/pages\/815","targetHints":{"allow":["GET"]}}],"collection":[{"href":"https:\/\/kerespets.ee\/fi\/wp-json\/wp\/v2\/pages"}],"about":[{"href":"https:\/\/kerespets.ee\/fi\/wp-json\/wp\/v2\/types\/page"}],"author":[{"embeddable":true,"href":"https:\/\/kerespets.ee\/fi\/wp-json\/wp\/v2\/users\/1"}],"replies":[{"embeddable":true,"href":"https:\/\/kerespets.ee\/fi\/wp-json\/wp\/v2\/comments?post=815"}],"version-history":[{"count":4,"href":"https:\/\/kerespets.ee\/fi\/wp-json\/wp\/v2\/pages\/815\/revisions"}],"predecessor-version":[{"id":959,"href":"https:\/\/kerespets.ee\/fi\/wp-json\/wp\/v2\/pages\/815\/revisions\/959"}],"wp:attachment":[{"href":"https:\/\/kerespets.ee\/fi\/wp-json\/wp\/v2\/media?parent=815"}],"curies":[{"name":"wp","href":"https:\/\/api.w.org\/{rel}","templated":true}]}}