{"id":820,"date":"2016-07-27T16:07:13","date_gmt":"2016-07-27T13:07:13","guid":{"rendered":"https:\/\/kerespets.ee\/keretood\/"},"modified":"2021-04-23T17:41:06","modified_gmt":"2021-04-23T14:41:06","slug":"keretood","status":"publish","type":"page","link":"https:\/\/kerespets.ee\/fi\/keretood\/","title":{"rendered":"PINTAK\u00c4SITTELY"},"content":{"rendered":"<div class=\"wpb-content-wrapper\"><p>[vc_row][vc_column][vc_column_text]Koska mink\u00e4 tahansa ajoneuvon pintak\u00e4sittely- ja maalaust\u00f6it\u00e4 voivat olla kalliita, on viisasta mietti\u00e4 kaikkia vaiheita huolellisesti ennen kuluttamise aloittamista, keskustelemalla odotuksista ja vaihtoehdoista. Olemme korjannut ja kunnostaneet monenlaisia ajoneuvoja ja uskomme, ett\u00e4 todelliset mestarit oppivat jotain jokaisessa ty\u00f6ss\u00e4 ja kehittyv\u00e4t jatkuvasti. Laita meid\u00e4t koetukselle![\/vc_column_text][\/vc_column][\/vc_row][vc_row][vc_column][vc_empty_space][vc_gallery type=&#8221;image_grid&#8221; images=&#8221;899,903,907,911,915,919,923&#8243; img_size=&#8221;200&#215;150&#8243;][\/vc_column][\/vc_row]<\/p>\n<\/div>","protected":false},"excerpt":{"rendered":"<p>[vc_row][vc_column][vc_column_text]Koska mink\u00e4 tahansa ajoneuvon pintak\u00e4sittely- ja maalaust\u00f6it\u00e4 voivat olla kalliita, on viisasta mietti\u00e4 kaikkia vaiheita huolellisesti ennen kuluttamise aloittamista, keskustelemalla odotuksista ja<\/p>\n","protected":false},"author":1,"featured_media":0,"parent":0,"menu_order":0,"comment_status":"closed","ping_status":"closed","template":"","meta":{"footnotes":""},"class_list":["post-820","page","type-page","status-publish","hentry"],"_links":{"self":[{"href":"https:\/\/kerespets.ee\/fi\/wp-json\/wp\/v2\/pages\/820","targetHints":{"allow":["GET"]}}],"collection":[{"href":"https:\/\/kerespets.ee\/fi\/wp-json\/wp\/v2\/pages"}],"about":[{"href":"https:\/\/kerespets.ee\/fi\/wp-json\/wp\/v2\/types\/page"}],"author":[{"embeddable":true,"href":"https:\/\/kerespets.ee\/fi\/wp-json\/wp\/v2\/users\/1"}],"replies":[{"embeddable":true,"href":"https:\/\/kerespets.ee\/fi\/wp-json\/wp\/v2\/comments?post=820"}],"version-history":[{"count":4,"href":"https:\/\/kerespets.ee\/fi\/wp-json\/wp\/v2\/pages\/820\/revisions"}],"predecessor-version":[{"id":932,"href":"https:\/\/kerespets.ee\/fi\/wp-json\/wp\/v2\/pages\/820\/revisions\/932"}],"wp:attachment":[{"href":"https:\/\/kerespets.ee\/fi\/wp-json\/wp\/v2\/media?parent=820"}],"curies":[{"name":"wp","href":"https:\/\/api.w.org\/{rel}","templated":true}]}}