{"id":825,"date":"2020-03-09T22:03:16","date_gmt":"2020-03-09T20:03:16","guid":{"rendered":"https:\/\/kerespets.ee\/hooldus-ja-remonttood\/"},"modified":"2020-04-15T19:55:42","modified_gmt":"2020-04-15T16:55:42","slug":"hooldus-ja-remonttood","status":"publish","type":"page","link":"https:\/\/kerespets.ee\/fi\/hooldus-ja-remonttood\/","title":{"rendered":"HUOLTO JA KORJAUS"},"content":{"rendered":"<div class=\"wpb-content-wrapper\"><p>[vc_row][vc_column][vc_column_text]Oikea-aikainen ja s\u00e4\u00e4nn\u00f6llinen huolto takaa ajoneuvon sujuvan toiminnan ja pidemm\u00e4n k\u00e4ytt\u00f6i\u00e4n. Usein ajatellaan, ett\u00e4 huolto tarkoittaa yksinkertaisesti \u00f6ljynvaihtoa, mutta niin ei todellakaan ole! Malleista ja niiden k\u00e4yt\u00f6n erityispiirteist\u00e4 riippuen autonvalmistajat ovat laatineet erityiset suunnitelmat eri yksik\u00f6iden ja kokoonpanojen moitteettoman toiminnan varmistamiseksi koko ajoneuvon elinkaaren ajan. Uudempien ajoneuvojen huoltov\u00e4lit kasvavat, ja vaihtelevat henkil\u00f6autojen 30 000-50 000 kilometrist\u00e4. Viron ilmaston erityisluonne (usein l\u00e4mp\u00f6tilan vaihtelut) ja usein lyhyet matkat vaativat kuitenkin hieman erilaista l\u00e4hestymistapaa.<\/p>\n<p><strong>Suosittelemme moottori\u00f6ljyn ja suodattimen vaihtamista 10 000-15 000 kilometrin v\u00e4lein sek\u00e4 moottorin ilmansuodattimen ja matkustamon ilmansuodattimen vaihtoa.<\/strong><\/p>\n<p>Suosittelemme samaa my\u00f6s dieselpolttoainesuodattimille. Sytytystulpan vaihtov\u00e4li bensiinimoottorille olisi 30 000-45 000 km autovalmistajan suositusten perusteella. Dieselmoottorien sytytystulpat on tarkistettava ennen kylm\u00e4n ajan k\u00e4yt\u00f6n alkua, jotta v\u00e4ltet\u00e4\u00e4n k\u00e4ynnistys ep\u00e4onnistumisia alhaisissa l\u00e4mp\u00f6tiloissa.<\/p>\n<p><strong>Automaattivaihteisto \u00f6ljynvaihdot (uudempi dual-DSG. Tiptronic jne) olisi teht\u00e4v\u00e4 60 000 km: n v\u00e4lein, kuten vanhemmissa hydraulisissa vaihteistossa.<\/strong><\/p>\n<p>Manuaalinen vaihteisto, eriksen esimerkki. tagadiferentsiaali voisi saada uutta \u00f6ljy\u00e4 joka 90 000 km. J\u00e4\u00e4hdytysneste, jarruneste ja hydrauli\u00f6ljyt (ohjaustehostin ja joissain merkeiss\u00e4 my\u00f6s jousitus) on vaihdettava kahden vuoden v\u00e4lein ja tarvittaessa useammin. Olisi t\u00e4rke\u00e4\u00e4 saada tietoa moottorin jakohihnan (tai moottoriketjun) vaihtamisesta. T\u00e4m\u00e4 p\u00e4tee erityisesti, jos olet juuri ostanut ajoneuvon ja se on tuotu esimerkiksi ulkomailta, ilman huoltohistoriaa tai s\u00e4hk\u00f6ist\u00e4 huoltokirjaa j\u00e4lleenmyynniss\u00e4. Sinun tulisi my\u00f6s olla varovainen pidem\u00e4lle aikaa vaihdettaessa jakovy\u00f6t\u00e4, jota valmistaja on suositellut ja korvaamaan se hiukan aikasemmin. T\u00e4rke\u00e4 on my\u00f6s aika, koska m\u00e4\u00e4r\u00e4ttyj\u00e4 120 000-150 000 kilometri\u00e4 ei kuljeta usein ennalta saa t\u00e4ynn\u00e4 m\u00e4\u00e4r\u00e4ttyin\u00e4 vuosina, kuten 4 vuodeksi, joten vy\u00f6n vaihto olisi teht\u00e4v\u00e4 aikaisemmin.<\/p>\n<p>Moottoriin kiinnitetyt apulaitteet, generaattori, ohjaustehostimen pumppu, ilmastointikompressori ja joissain tapauksissa vesipumppu k\u00e4ytt\u00e4ytyv\u00e4t my\u00f6s hihnan kanssa, joka tulisi tarkistaa huollon aikana, kiinnitt\u00e4en huomiota telojen ja kiristimen kuntoon. T\u00e4m\u00e4 est\u00e4\u00e4 moottoria odottamatta pys\u00e4htym\u00e4st\u00e4, koska akku on loppunut tai j\u00e4\u00e4hdytysnesteen l\u00e4mp\u00f6tila on noussut \u201cpunaiseksi\u201d.<\/p>\n<p>Jos autosi liikkuu useammin kaupungissa kuin moottoritiell\u00e4, on kiinnitett\u00e4v\u00e4 huomiota my\u00f6s jarrujen (etenkin takaosan) kuntoon. Jarrusatulan ja jarrukenk\u00e4 lukitseminen v\u00e4hent\u00e4\u00e4 jarrujen tehokkuutta ja h\u00e4t\u00e4tilanteissa n\u00e4k\u00f6kentt\u00e4\u00e4n ilmestyv\u00e4t esineet voivat alkaa l\u00e4hesty\u00e4 sinua v\u00e4\u00e4rill\u00e4 nopeuksilla. Se voi my\u00f6s aiheuttavat muiden tienk\u00e4ytt\u00e4jien ei-toivottuja huomioita.<\/p>\n<p>Kun auto on trukissa ja vanha moottori\u00f6ljy on k\u00e4ynniss\u00e4, on aika tarkistaa alusta. Ohjausp\u00e4\u00e4t ja tangot, k\u00e4\u00e4nt\u00f6tangot, niiden holkit, kuulanivelet ja puskurit, tukivarret, jouset ja iskunvaimentimet. <strong>Sy\u00f6pyneet jarru- ja polttoaineletkut ovat vaarallisia!<\/strong><\/p>\n<p>Lis\u00e4ksi tarkoista valot, vaihda palaneet lamput, s\u00e4\u00e4d\u00e4 ajovalaisimen valoa ja kiillota himmennetyt ajovalon linssit tarvittaessa.<\/p>\n<p>Lopuksi korjaamon p\u00e4\u00e4likk\u00f6 suroittaa lyhyen testiajon, jonka j\u00e4lkeen t\u00e4ytet\u00e4\u00e4n huoltokirjaan tai kirjataan s\u00e4hk\u00f6isesti seuraavaa huoltoaikaa varten ja suositeltava ajomatka sen suorittamiseksi.[\/vc_column_text][\/vc_column][\/vc_row][vc_row][vc_column][vc_empty_space]\n\t\t\t<!-- START galerii REVOLUTION SLIDER 6.7.40 --><p class=\"rs-p-wp-fix\"><\/p>\n\t\t\t<rs-module-wrap id=\"rev_slider_2_1_wrapper\" data-source=\"gallery\" style=\"visibility:hidden;background:transparent;padding:0;margin:0px auto;margin-top:0;margin-bottom:0;\">\n\t\t\t\t<rs-module id=\"rev_slider_2_1\" style=\"\" data-version=\"6.7.40\">\n\t\t\t\t\t<rs-slides style=\"overflow: hidden; position: absolute;\">\n\t\t\t\t\t\t<rs-slide style=\"position: absolute;\" data-key=\"rs-4\" data-title=\"Slide\" data-thumb=\"\/\/kerespets.ee\/wp-content\/uploads\/2018\/02\/1-100x50.jpg\" data-link=\"\/\/kerespets.ee\/wp-content\/uploads\/2015\/12\/1.jpg \" data-tag=\"l\" data-target=\"_self\" data-seoz=\"front\" data-anim=\"adpr:false;\" class=\"fancybox\">\n\t\t\t\t\t\t\t<img decoding=\"async\" src=\"\/\/kerespets.ee\/wp-content\/plugins\/revslider\/sr6\/assets\/assets\/dummy.png\" alt=\"\" title=\"HUOLTO JA KORJAUS\" class=\"rev-slidebg tp-rs-img rs-lazyload\" data-lazyload=\"\/\/kerespets.ee\/wp-content\/uploads\/2018\/02\/1.jpg\" data-parallax=\"off\" data-no-retina>\n<!---->\t\t\t\t\t<\/rs-slide>\n\t\t\t\t\t\t<rs-slide style=\"position: absolute;\" data-key=\"rs-5\" data-title=\"Slide\" data-thumb=\"\/\/kerespets.ee\/wp-content\/uploads\/2018\/01\/6-100x50.jpg\" data-link=\"\/\/kerespets.ee\/wp-content\/uploads\/2015\/12\/4.jpg\" data-tag=\"l\" data-target=\"_self\" data-seoz=\"front\" data-anim=\"adpr:false;\" class=\"fancybox\">\n\t\t\t\t\t\t\t<img decoding=\"async\" src=\"\/\/kerespets.ee\/wp-content\/plugins\/revslider\/sr6\/assets\/assets\/dummy.png\" alt=\"\" title=\"HUOLTO JA KORJAUS\" class=\"rev-slidebg tp-rs-img rs-lazyload\" data-lazyload=\"\/\/kerespets.ee\/wp-content\/uploads\/2018\/01\/6.jpg\" data-parallax=\"off\" data-no-retina>\n<!---->\t\t\t\t\t<\/rs-slide>\n\t\t\t\t\t\t<rs-slide style=\"position: absolute;\" data-key=\"rs-6\" data-title=\"Slide\" data-thumb=\"\/\/kerespets.ee\/wp-content\/uploads\/2018\/02\/2-100x50.jpg\" data-link=\"\/\/kerespets.ee\/wp-content\/uploads\/2015\/12\/5.jpg\" data-tag=\"l\" data-target=\"_self\" data-seoz=\"front\" data-anim=\"adpr:false;\" class=\"fancybox\">\n\t\t\t\t\t\t\t<img decoding=\"async\" src=\"\/\/kerespets.ee\/wp-content\/plugins\/revslider\/sr6\/assets\/assets\/dummy.png\" alt=\"\" title=\"HUOLTO JA KORJAUS\" class=\"rev-slidebg tp-rs-img rs-lazyload\" data-lazyload=\"\/\/kerespets.ee\/wp-content\/uploads\/2018\/02\/2.jpg\" data-parallax=\"off\" data-no-retina>\n<!---->\t\t\t\t\t<\/rs-slide>\n\t\t\t\t\t\t<rs-slide style=\"position: absolute;\" data-key=\"rs-8\" data-title=\"Slide\" data-thumb=\"\/\/kerespets.ee\/wp-content\/uploads\/2018\/02\/3-100x50.jpg\" data-link=\"\/\/kerespets.ee\/wp-content\/uploads\/2015\/12\/7.jpg\" data-tag=\"l\" data-target=\"_self\" data-seoz=\"front\" data-anim=\"adpr:false;\" class=\"fancybox\">\n\t\t\t\t\t\t\t<img decoding=\"async\" src=\"\/\/kerespets.ee\/wp-content\/plugins\/revslider\/sr6\/assets\/assets\/dummy.png\" alt=\"\" title=\"HUOLTO JA KORJAUS\" class=\"rev-slidebg tp-rs-img rs-lazyload\" data-lazyload=\"\/\/kerespets.ee\/wp-content\/uploads\/2018\/02\/3.jpg\" data-parallax=\"off\" data-no-retina>\n<!---->\t\t\t\t\t<\/rs-slide>\n\t\t\t\t\t\t<rs-slide style=\"position: absolute;\" data-key=\"rs-7\" data-title=\"Slide\" data-thumb=\"\/\/kerespets.ee\/wp-content\/uploads\/2018\/02\/4-100x50.jpg\" data-link=\"\/\/kerespets.ee\/wp-content\/uploads\/2015\/12\/6.jpg\" data-tag=\"l\" data-target=\"_self\" data-seoz=\"front\" data-anim=\"adpr:false;\" class=\"fancybox\">\n\t\t\t\t\t\t\t<img decoding=\"async\" src=\"\/\/kerespets.ee\/wp-content\/plugins\/revslider\/sr6\/assets\/assets\/dummy.png\" alt=\"\" title=\"HUOLTO JA KORJAUS\" class=\"rev-slidebg tp-rs-img rs-lazyload\" data-lazyload=\"\/\/kerespets.ee\/wp-content\/uploads\/2018\/02\/4.jpg\" data-parallax=\"off\" data-no-retina>\n<!---->\t\t\t\t\t<\/rs-slide>\n\t\t\t\t\t\t<rs-slide style=\"position: absolute;\" data-key=\"rs-12\" data-title=\"Slide\" data-thumb=\"\/\/kerespets.ee\/wp-content\/uploads\/2018\/02\/6-100x50.jpg\" data-link=\"\/\/kerespets.ee\/wp-content\/uploads\/2015\/12\/6.jpg\" data-tag=\"l\" data-target=\"_self\" data-seoz=\"front\" data-anim=\"adpr:false;\" class=\"fancybox\">\n\t\t\t\t\t\t\t<img decoding=\"async\" src=\"\/\/kerespets.ee\/wp-content\/plugins\/revslider\/sr6\/assets\/assets\/dummy.png\" alt=\"\" title=\"HUOLTO JA KORJAUS\" class=\"rev-slidebg tp-rs-img rs-lazyload\" data-lazyload=\"\/\/kerespets.ee\/wp-content\/uploads\/2018\/02\/6.jpg\" data-parallax=\"off\" data-no-retina>\n<!---->\t\t\t\t\t<\/rs-slide>\n\t\t\t\t\t\t<rs-slide style=\"position: absolute;\" data-key=\"rs-9\" data-title=\"Slide\" data-thumb=\"\/\/kerespets.ee\/wp-content\/uploads\/2015\/12\/1-100x50.jpg\" data-anim=\"adpr:false;\">\n\t\t\t\t\t\t\t<img decoding=\"async\" src=\"\/\/kerespets.ee\/wp-content\/plugins\/revslider\/sr6\/assets\/assets\/dummy.png\" alt=\"\" title=\"HUOLTO JA KORJAUS\" class=\"rev-slidebg tp-rs-img rs-lazyload\" data-lazyload=\"\/\/kerespets.ee\/wp-content\/uploads\/2015\/12\/1.jpg\" data-parallax=\"off\" data-no-retina>\n<!---->\t\t\t\t\t<\/rs-slide>\n\t\t\t\t\t\t<rs-slide style=\"position: absolute;\" data-key=\"rs-13\" data-title=\"Slide\" data-thumb=\"\/\/kerespets.ee\/wp-content\/uploads\/2020\/03\/DSC002911-_www89ee-100x50.jpg\" data-anim=\"ms:600;r:0;\" data-in=\"o:0;\" data-out=\"a:false;\">\n\t\t\t\t\t\t\t<img decoding=\"async\" src=\"\/\/kerespets.ee\/wp-content\/plugins\/revslider\/sr6\/assets\/assets\/dummy.png\" alt=\"\" title=\"DSC00291[1] _www89ee\" width=\"1799\" height=\"1200\" class=\"rev-slidebg tp-rs-img rs-lazyload\" data-lazyload=\"\/\/kerespets.ee\/wp-content\/uploads\/2020\/03\/DSC002911-_www89ee.jpg\" data-parallax=\"off\" data-no-retina>\n<!---->\t\t\t\t\t<\/rs-slide>\n\t\t\t\t\t\t<rs-slide style=\"position: absolute;\" data-key=\"rs-14\" data-title=\"Slide\" data-thumb=\"\/\/kerespets.ee\/wp-content\/uploads\/2020\/03\/DSC002971-_www89ee-100x50.jpg\" data-anim=\"ms:600;r:0;\" data-in=\"o:0;\" data-out=\"a:false;\">\n\t\t\t\t\t\t\t<img decoding=\"async\" src=\"\/\/kerespets.ee\/wp-content\/plugins\/revslider\/sr6\/assets\/assets\/dummy.png\" alt=\"\" title=\"DSC00297[1] _www89ee\" width=\"1799\" height=\"1200\" class=\"rev-slidebg tp-rs-img rs-lazyload\" data-lazyload=\"\/\/kerespets.ee\/wp-content\/uploads\/2020\/03\/DSC002971-_www89ee.jpg\" data-parallax=\"off\" data-no-retina>\n<!---->\t\t\t\t\t<\/rs-slide>\n\t\t\t\t\t\t<rs-slide style=\"position: absolute;\" data-key=\"rs-15\" data-title=\"Slide\" data-thumb=\"\/\/kerespets.ee\/wp-content\/uploads\/2020\/05\/NIK_0698-_www89ee-100x50.jpg\" data-anim=\"ms:600;r:0;\" data-in=\"o:0;\" data-out=\"a:false;\">\n\t\t\t\t\t\t\t<img decoding=\"async\" src=\"\/\/kerespets.ee\/wp-content\/plugins\/revslider\/sr6\/assets\/assets\/dummy.png\" alt=\"\" title=\"NIK_0698 _www89ee\" width=\"1797\" height=\"1200\" class=\"rev-slidebg tp-rs-img rs-lazyload\" data-lazyload=\"\/\/kerespets.ee\/wp-content\/uploads\/2020\/05\/NIK_0698-_www89ee.jpg\" data-parallax=\"off\" data-no-retina>\n<!---->\t\t\t\t\t<\/rs-slide>\n\t\t\t\t\t<\/rs-slides>\n\t\t\t\t<\/rs-module>\n\t\t\t\t<script>\n\t\t\t\t\tsetREVStartSize({c: 'rev_slider_2_1',rl:[1240,1024,778,480],el:[400],gw:[400],gh:[400],type:'carousel',justify:'',layout:'fullwidth',mh:\"0\"});if (window.RS_MODULES!==undefined && window.RS_MODULES.modules!==undefined && window.RS_MODULES.modules[\"revslider21\"]!==undefined) {window.RS_MODULES.modules[\"revslider21\"].once = false;window.revapi2 = undefined;if (window.RS_MODULES.checkMinimal!==undefined) window.RS_MODULES.checkMinimal()}\n\t\t\t\t<\/script>\n\t\t\t<\/rs-module-wrap>\n\t\t\t<!-- END REVOLUTION SLIDER -->\n[\/vc_column][\/vc_row]<\/p>\n<\/div>","protected":false},"excerpt":{"rendered":"<p>[vc_row][vc_column][vc_column_text]Oikea-aikainen ja s\u00e4\u00e4nn\u00f6llinen huolto takaa ajoneuvon sujuvan toiminnan ja pidemm\u00e4n k\u00e4ytt\u00f6i\u00e4n. Usein ajatellaan, ett\u00e4 huolto tarkoittaa yksinkertaisesti \u00f6ljynvaihtoa, mutta niin ei todellakaan<\/p>\n","protected":false},"author":1,"featured_media":0,"parent":0,"menu_order":0,"comment_status":"closed","ping_status":"closed","template":"","meta":{"footnotes":""},"class_list":["post-825","page","type-page","status-publish","hentry"],"_links":{"self":[{"href":"https:\/\/kerespets.ee\/fi\/wp-json\/wp\/v2\/pages\/825","targetHints":{"allow":["GET"]}}],"collection":[{"href":"https:\/\/kerespets.ee\/fi\/wp-json\/wp\/v2\/pages"}],"about":[{"href":"https:\/\/kerespets.ee\/fi\/wp-json\/wp\/v2\/types\/page"}],"author":[{"embeddable":true,"href":"https:\/\/kerespets.ee\/fi\/wp-json\/wp\/v2\/users\/1"}],"replies":[{"embeddable":true,"href":"https:\/\/kerespets.ee\/fi\/wp-json\/wp\/v2\/comments?post=825"}],"version-history":[{"count":2,"href":"https:\/\/kerespets.ee\/fi\/wp-json\/wp\/v2\/pages\/825\/revisions"}],"predecessor-version":[{"id":845,"href":"https:\/\/kerespets.ee\/fi\/wp-json\/wp\/v2\/pages\/825\/revisions\/845"}],"wp:attachment":[{"href":"https:\/\/kerespets.ee\/fi\/wp-json\/wp\/v2\/media?parent=825"}],"curies":[{"name":"wp","href":"https:\/\/api.w.org\/{rel}","templated":true}]}}