{"id":830,"date":"2020-03-10T18:00:15","date_gmt":"2020-03-10T16:00:15","guid":{"rendered":"https:\/\/kerespets.ee\/autopesula\/"},"modified":"2020-04-15T19:59:52","modified_gmt":"2020-04-15T16:59:52","slug":"autopesula","status":"publish","type":"page","link":"https:\/\/kerespets.ee\/fi\/autopesula\/","title":{"rendered":"AUTONPESU"},"content":{"rendered":"<div class=\"wpb-content-wrapper\"><p>[vc_row][vc_column][vc_column_text]<u>Kerespets O\u00dc pesula hinnasto<\/u><\/p>\n<p>&nbsp;<\/p>\n<p><strong>\u00a0\u00a0\u00a0\u00a0\u00a0\u00a0\u00a0\u00a0\u00a0\u00a0\u00a0\u00a0\u00a0\u00a0\u00a0\u00a0\u00a0\u00a0\u00a0\u00a0\u00a0\u00a0\u00a0\u00a0\u00a0\u00a0\u00a0\u00a0\u00a0\u00a0\u00a0\u00a0\u00a0\u00a0\u00a0\u00a0\u00a0\u00a0\u00a0\u00a0\u00a0\u00a0\u00a0\u00a0 Henkil\u00f6auto\u00a0 \u00a0 \u00a0 \u00a0 \u00a0 \u00a0 \u00a0 Maastoa\/Pakettiauto<\/strong><\/p>\n<p>Korkeapainepesu \u00a0\u00a0\u00a0\u00a0\u00a0\u00a0\u00a0\u00a0\u00a0\u00a0\u00a0\u00a0\u00a0\u00a0\u00a0\u00a0\u00a0\u00a0\u00a0\u00a0\u00a0\u00a0 10 \u20ac\u00a0 \u00a0\u00a0\u00a0\u00a0\u00a0\u00a0\u00a0\u00a0\u00a0\u00a0\u00a0\u00a0\u00a0\u00a0\u00a0\u00a0\u00a0\u00a0 15 \u20ac<\/p>\n<p>Shampoo pesu\u00a0 \u00a0 \u00a0 \u00a0 \u00a0 \u00a0 \u00a0 \u00a0 \u00a0 \u00a0 \u00a0 \u00a0 \u00a0 \u00a0 20 \u20ac \u00a0\u00a0\u00a0\u00a0\u00a0\u00a0\u00a0\u00a0\u00a0\u00a0\u00a0\u00a0\u00a0\u00a0\u00a0\u00a0\u00a0\u00a0\u00a0 25 \u20ac<\/p>\n<p>Perusteellinen pikipesu\u00a0 \u00a0 \u00a0 \u00a0 \u00a0 \u00a0 \u00a0\u00a0 30 \u20ac \u00a0\u00a0\u00a0\u00a0\u00a0\u00a0\u00a0\u00a0\u00a0\u00a0\u00a0\u00a0\u00a0\u00a0\u00a0\u00a0\u00a0\u00a0\u00a0 35 \u20ac<\/p>\n<p>Ulkopesu (+pikivaha)\u00a0 \u00a0 \u00a0 \u00a0 \u00a0 \u00a0 \u00a0 \u00a0 \u00a0\u00a0 60 \u20ac \u00a0\u00a0\u00a0\u00a0\u00a0\u00a0\u00a0\u00a0\u00a0\u00a0\u00a0\u00a0\u00a0\u00a0\u00a0\u00a0\u00a0\u00a0\u00a0 65 \u20ac<\/p>\n<p>P\u00f6lunimuri \u00a0 \u00a0 \u00a0 \u00a0 \u00a0 \u00a0 \u00a0 \u00a0 \u00a0 \u00a0 \u00a0 \u00a0 \u00a0 \u00a0 \u00a0 \u00a0 \u00a0\u00a0 15 \u20ac \u00a0\u00a0\u00a0\u00a0\u00a0\u00a0\u00a0\u00a0\u00a0\u00a0\u00a0\u00a0\u00a0\u00a0\u00a0\u00a0\u00a0\u00a0\u00a0 20 \u20ac<\/p>\n<p>Muovi \u00a0\u00a0\u00a0\u00a0\u00a0\u00a0\u00a0\u00a0\u00a0\u00a0\u00a0\u00a0\u00a0\u00a0\u00a0\u00a0\u00a0\u00a0\u00a0\u00a0\u00a0\u00a0\u00a0\u00a0\u00a0\u00a0\u00a0\u00a0\u00a0\u00a0\u00a0\u00a0\u00a0\u00a0\u00a0\u00a0\u00a0\u00a0\u00a0\u00a0\u00a0 12 \u20ac \u00a0\u00a0\u00a0\u00a0\u00a0\u00a0\u00a0\u00a0\u00a0\u00a0\u00a0\u00a0\u00a0\u00a0\u00a0\u00a0\u00a0\u00a0\u00a0 15 \u20ac<\/p>\n<p>Lasit \u00a0\u00a0\u00a0\u00a0\u00a0\u00a0\u00a0\u00a0\u00a0\u00a0\u00a0\u00a0\u00a0\u00a0\u00a0\u00a0\u00a0\u00a0\u00a0\u00a0\u00a0\u00a0\u00a0\u00a0\u00a0\u00a0\u00a0\u00a0\u00a0\u00a0\u00a0\u00a0\u00a0\u00a0\u00a0\u00a0\u00a0\u00a0\u00a0\u00a0\u00a0\u00a0\u00a0 10 \u20ac \u00a0\u00a0\u00a0\u00a0\u00a0\u00a0\u00a0\u00a0\u00a0\u00a0\u00a0\u00a0\u00a0\u00a0\u00a0\u00a0\u00a0\u00a0\u00a0 10 \u20ac<\/p>\n<p>Matkustamon puhdistus\u00a0 \u00a0 \u00a0 \u00a0 \u00a0 \u00a0 \u00a0\u00a0 27 \u20ac \u00a0\u00a0\u00a0\u00a0\u00a0\u00a0\u00a0\u00a0\u00a0\u00a0\u00a0\u00a0\u00a0\u00a0\u00a0\u00a0\u00a0\u00a0\u00a0 32 \u20ac<\/p>\n<p>Palvelujen hinnat sis. Alv.<\/p>\n<p>&nbsp;<\/p>\n<p>Korkeapainepesu &#8211; Esipesu, korkeapainepesu. K\u00e4ytt\u00f6aika jopa 10min.<\/p>\n<p>Shampoo pesu &#8211; esipesu, shampoo pesu, korkeapainepesu, maalattujen osien kuivaus, matot. K\u00e4ytt\u00f6aika jopa 45 min.<\/p>\n<p>Perusteellinen pikipesu &#8211; esilioutukset, piki- ja suolalioutukset, vahan pesu, ovien v\u00e4li -pesu, vanteiden syv\u00e4puhdistus, perusteellinen kuivaus, mattojen puhdistus, renkaiden kiillotus, ovien tiivisteiden j\u00e4\u00e4tymisenestohoito talvikuukausina. K\u00e4ytt\u00f6aika jopa 1h.<\/p>\n<p>Ulkopesu &#8211; esilioutukset, piki- ja suolalioutukset, ovien v\u00e4li pesu, raudan poisto ajoneuvon pinnalta, vaha-shampoopesu, savik\u00e4sineidenka poisto viimeisest\u00e4 lialta, pikavaha levitys, ulkoinen tumman muovin virkistys, vanteiden syv\u00e4puhdistus, matonpesu, ovien tiivisteiden j\u00e4\u00e4tymisenestohoito talvikuukausina. K\u00e4ytt\u00f6aika jopa 1,5h.<\/p>\n<p>P\u00f6lynimuri &#8211; P\u00f6lynimuri puhdistaa koko ajoneuvon sis\u00e4tilan lattiat, istuimet ja tavaratilan. K\u00e4ytt\u00f6aika jopa 20 min.<\/p>\n<p>Muovi &#8211; ajoneuvon sis\u00e4tilan muovipintojen puhdistus, uusinta tarvittaessa. K\u00e4ytt\u00f6aika jopa 20 min.<\/p>\n<p>Lasit &#8211; Lasien sis\u00e4- ja ulkopuolen puhdistaminen. K\u00e4ytt\u00f6aika jopa 10 min.<\/p>\n<p>Matkustamon puhdistus &#8211; Koko ajoneuvon sis\u00e4tilojen, istuimien ja tavaratilan imurointi, ajoneuvon sis\u00e4tilojen muovipintojen puhdistus, tarvittaessa uusinta, sis\u00e4- ja ulkotilojen tuulilasin puhdistus. Ty\u00f6aika jopa 1h.[\/vc_column_text][\/vc_column][\/vc_row][vc_row][vc_column][vc_empty_space]\n\t\t\t<!-- START galerii REVOLUTION SLIDER 6.7.40 --><p class=\"rs-p-wp-fix\"><\/p>\n\t\t\t<rs-module-wrap id=\"rev_slider_2_1_wrapper\" data-source=\"gallery\" style=\"visibility:hidden;background:transparent;padding:0;margin:0px auto;margin-top:0;margin-bottom:0;\">\n\t\t\t\t<rs-module id=\"rev_slider_2_1\" style=\"\" data-version=\"6.7.40\">\n\t\t\t\t\t<rs-slides style=\"overflow: hidden; position: absolute;\">\n\t\t\t\t\t\t<rs-slide style=\"position: absolute;\" data-key=\"rs-4\" data-title=\"Slide\" data-thumb=\"\/\/kerespets.ee\/wp-content\/uploads\/2018\/02\/1.jpg\" data-link=\"\/\/kerespets.ee\/wp-content\/uploads\/2015\/12\/1.jpg \" data-tag=\"l\" data-target=\"_self\" data-seoz=\"front\" data-anim=\"adpr:false;\" class=\"fancybox\">\n\t\t\t\t\t\t\t<img decoding=\"async\" src=\"\/\/www.kerespets.ee\/wp-content\/plugins\/revslider\/sr6\/assets\/assets\/dummy.png\" alt=\"\" title=\"AUTONPESU\" class=\"rev-slidebg tp-rs-img rs-lazyload\" data-lazyload=\"\/\/kerespets.ee\/wp-content\/uploads\/2018\/02\/1.jpg\" data-parallax=\"off\" data-no-retina>\n<!---->\t\t\t\t\t<\/rs-slide>\n\t\t\t\t\t\t<rs-slide style=\"position: absolute;\" data-key=\"rs-5\" data-title=\"Slide\" data-thumb=\"\/\/kerespets.ee\/wp-content\/uploads\/2018\/01\/6.jpg\" data-link=\"\/\/kerespets.ee\/wp-content\/uploads\/2015\/12\/4.jpg\" data-tag=\"l\" data-target=\"_self\" data-seoz=\"front\" data-anim=\"adpr:false;\" class=\"fancybox\">\n\t\t\t\t\t\t\t<img decoding=\"async\" src=\"\/\/www.kerespets.ee\/wp-content\/plugins\/revslider\/sr6\/assets\/assets\/dummy.png\" alt=\"\" title=\"AUTONPESU\" class=\"rev-slidebg tp-rs-img rs-lazyload\" data-lazyload=\"\/\/kerespets.ee\/wp-content\/uploads\/2018\/01\/6.jpg\" data-parallax=\"off\" data-no-retina>\n<!---->\t\t\t\t\t<\/rs-slide>\n\t\t\t\t\t\t<rs-slide style=\"position: absolute;\" data-key=\"rs-6\" data-title=\"Slide\" data-thumb=\"\/\/kerespets.ee\/wp-content\/uploads\/2018\/02\/2.jpg\" data-link=\"\/\/kerespets.ee\/wp-content\/uploads\/2015\/12\/5.jpg\" data-tag=\"l\" data-target=\"_self\" data-seoz=\"front\" data-anim=\"adpr:false;\" class=\"fancybox\">\n\t\t\t\t\t\t\t<img decoding=\"async\" src=\"\/\/www.kerespets.ee\/wp-content\/plugins\/revslider\/sr6\/assets\/assets\/dummy.png\" alt=\"\" title=\"AUTONPESU\" class=\"rev-slidebg tp-rs-img rs-lazyload\" data-lazyload=\"\/\/kerespets.ee\/wp-content\/uploads\/2018\/02\/2.jpg\" data-parallax=\"off\" data-no-retina>\n<!---->\t\t\t\t\t<\/rs-slide>\n\t\t\t\t\t\t<rs-slide style=\"position: absolute;\" data-key=\"rs-8\" data-title=\"Slide\" data-thumb=\"\/\/kerespets.ee\/wp-content\/uploads\/2018\/02\/3.jpg\" data-link=\"\/\/kerespets.ee\/wp-content\/uploads\/2015\/12\/7.jpg\" data-tag=\"l\" data-target=\"_self\" data-seoz=\"front\" data-anim=\"adpr:false;\" class=\"fancybox\">\n\t\t\t\t\t\t\t<img decoding=\"async\" src=\"\/\/www.kerespets.ee\/wp-content\/plugins\/revslider\/sr6\/assets\/assets\/dummy.png\" alt=\"\" title=\"AUTONPESU\" class=\"rev-slidebg tp-rs-img rs-lazyload\" data-lazyload=\"\/\/kerespets.ee\/wp-content\/uploads\/2018\/02\/3.jpg\" data-parallax=\"off\" data-no-retina>\n<!---->\t\t\t\t\t<\/rs-slide>\n\t\t\t\t\t\t<rs-slide style=\"position: absolute;\" data-key=\"rs-7\" data-title=\"Slide\" data-thumb=\"\/\/kerespets.ee\/wp-content\/uploads\/2018\/02\/4.jpg\" data-link=\"\/\/kerespets.ee\/wp-content\/uploads\/2015\/12\/6.jpg\" data-tag=\"l\" data-target=\"_self\" data-seoz=\"front\" data-anim=\"adpr:false;\" class=\"fancybox\">\n\t\t\t\t\t\t\t<img decoding=\"async\" src=\"\/\/www.kerespets.ee\/wp-content\/plugins\/revslider\/sr6\/assets\/assets\/dummy.png\" alt=\"\" title=\"AUTONPESU\" class=\"rev-slidebg tp-rs-img rs-lazyload\" data-lazyload=\"\/\/kerespets.ee\/wp-content\/uploads\/2018\/02\/4.jpg\" data-parallax=\"off\" data-no-retina>\n<!---->\t\t\t\t\t<\/rs-slide>\n\t\t\t\t\t\t<rs-slide style=\"position: absolute;\" data-key=\"rs-12\" data-title=\"Slide\" data-thumb=\"\/\/kerespets.ee\/wp-content\/uploads\/2018\/02\/6.jpg\" data-link=\"\/\/kerespets.ee\/wp-content\/uploads\/2015\/12\/6.jpg\" data-tag=\"l\" data-target=\"_self\" data-seoz=\"front\" data-anim=\"adpr:false;\" class=\"fancybox\">\n\t\t\t\t\t\t\t<img decoding=\"async\" src=\"\/\/www.kerespets.ee\/wp-content\/plugins\/revslider\/sr6\/assets\/assets\/dummy.png\" alt=\"\" title=\"AUTONPESU\" class=\"rev-slidebg tp-rs-img rs-lazyload\" data-lazyload=\"\/\/kerespets.ee\/wp-content\/uploads\/2018\/02\/6.jpg\" data-parallax=\"off\" data-no-retina>\n<!---->\t\t\t\t\t<\/rs-slide>\n\t\t\t\t\t\t<rs-slide style=\"position: absolute;\" data-key=\"rs-9\" data-title=\"Slide\" data-thumb=\"\/\/kerespets.ee\/wp-content\/uploads\/2015\/12\/1.jpg\" data-anim=\"adpr:false;\">\n\t\t\t\t\t\t\t<img decoding=\"async\" src=\"\/\/www.kerespets.ee\/wp-content\/plugins\/revslider\/sr6\/assets\/assets\/dummy.png\" alt=\"\" title=\"AUTONPESU\" class=\"rev-slidebg tp-rs-img rs-lazyload\" data-lazyload=\"\/\/kerespets.ee\/wp-content\/uploads\/2015\/12\/1.jpg\" data-parallax=\"off\" data-no-retina>\n<!---->\t\t\t\t\t<\/rs-slide>\n\t\t\t\t\t\t<rs-slide style=\"position: absolute;\" data-key=\"rs-13\" data-title=\"Slide\" data-thumb=\"\/\/kerespets.ee\/wp-content\/uploads\/2020\/03\/DSC002911-_www89ee.jpg\" data-anim=\"ms:600;r:0;\" data-in=\"o:0;\" data-out=\"a:false;\">\n\t\t\t\t\t\t\t<img decoding=\"async\" src=\"\/\/www.kerespets.ee\/wp-content\/plugins\/revslider\/sr6\/assets\/assets\/dummy.png\" alt=\"\" title=\"DSC00291[1] _www89ee\" width=\"1799\" height=\"1200\" class=\"rev-slidebg tp-rs-img rs-lazyload\" data-lazyload=\"\/\/kerespets.ee\/wp-content\/uploads\/2020\/03\/DSC002911-_www89ee.jpg\" data-parallax=\"off\" data-no-retina>\n<!---->\t\t\t\t\t<\/rs-slide>\n\t\t\t\t\t\t<rs-slide style=\"position: absolute;\" data-key=\"rs-14\" data-title=\"Slide\" data-thumb=\"\/\/kerespets.ee\/wp-content\/uploads\/2020\/03\/DSC002971-_www89ee.jpg\" data-anim=\"ms:600;r:0;\" data-in=\"o:0;\" data-out=\"a:false;\">\n\t\t\t\t\t\t\t<img decoding=\"async\" src=\"\/\/www.kerespets.ee\/wp-content\/plugins\/revslider\/sr6\/assets\/assets\/dummy.png\" alt=\"\" title=\"DSC00297[1] _www89ee\" width=\"1799\" height=\"1200\" class=\"rev-slidebg tp-rs-img rs-lazyload\" data-lazyload=\"\/\/kerespets.ee\/wp-content\/uploads\/2020\/03\/DSC002971-_www89ee.jpg\" data-parallax=\"off\" data-no-retina>\n<!---->\t\t\t\t\t<\/rs-slide>\n\t\t\t\t\t\t<rs-slide style=\"position: absolute;\" data-key=\"rs-15\" data-title=\"Slide\" data-thumb=\"\/\/kerespets.ee\/wp-content\/uploads\/2020\/05\/NIK_0698-_www89ee.jpg\" data-anim=\"ms:600;r:0;\" data-in=\"o:0;\" data-out=\"a:false;\">\n\t\t\t\t\t\t\t<img decoding=\"async\" src=\"\/\/www.kerespets.ee\/wp-content\/plugins\/revslider\/sr6\/assets\/assets\/dummy.png\" alt=\"\" title=\"NIK_0698 _www89ee\" width=\"1797\" height=\"1200\" class=\"rev-slidebg tp-rs-img rs-lazyload\" data-lazyload=\"\/\/kerespets.ee\/wp-content\/uploads\/2020\/05\/NIK_0698-_www89ee.jpg\" data-parallax=\"off\" data-no-retina>\n<!---->\t\t\t\t\t<\/rs-slide>\n\t\t\t\t\t<\/rs-slides>\n\t\t\t\t<\/rs-module>\n\t\t\t\t<script>\n\t\t\t\t\tsetREVStartSize({c: 'rev_slider_2_1',rl:[1240,1024,778,480],el:[400],gw:[400],gh:[400],type:'carousel',justify:'',layout:'fullwidth',mh:\"0\"});if (window.RS_MODULES!==undefined && window.RS_MODULES.modules!==undefined && window.RS_MODULES.modules[\"revslider21\"]!==undefined) {window.RS_MODULES.modules[\"revslider21\"].once = false;window.revapi2 = undefined;if (window.RS_MODULES.checkMinimal!==undefined) window.RS_MODULES.checkMinimal()}\n\t\t\t\t<\/script>\n\t\t\t<\/rs-module-wrap>\n\t\t\t<!-- END REVOLUTION SLIDER -->\n[\/vc_column][\/vc_row]<\/p>\n<\/div>","protected":false},"excerpt":{"rendered":"<p>[vc_row][vc_column][vc_column_text]Kerespets O\u00dc pesula hinnasto &nbsp; \u00a0\u00a0\u00a0\u00a0\u00a0\u00a0\u00a0\u00a0\u00a0\u00a0\u00a0\u00a0\u00a0\u00a0\u00a0\u00a0\u00a0\u00a0\u00a0\u00a0\u00a0\u00a0\u00a0\u00a0\u00a0\u00a0\u00a0\u00a0\u00a0\u00a0\u00a0\u00a0\u00a0\u00a0\u00a0\u00a0\u00a0\u00a0\u00a0\u00a0\u00a0\u00a0\u00a0\u00a0 Henkil\u00f6auto\u00a0 \u00a0 \u00a0 \u00a0 \u00a0 \u00a0 \u00a0 Maastoa\/Pakettiauto Korkeapainepesu \u00a0\u00a0\u00a0\u00a0\u00a0\u00a0\u00a0\u00a0\u00a0\u00a0\u00a0\u00a0\u00a0\u00a0\u00a0\u00a0\u00a0\u00a0\u00a0\u00a0\u00a0\u00a0 10 \u20ac\u00a0 \u00a0\u00a0\u00a0\u00a0\u00a0\u00a0\u00a0\u00a0\u00a0\u00a0\u00a0\u00a0\u00a0\u00a0\u00a0\u00a0\u00a0\u00a0 15 \u20ac Shampoo<\/p>\n","protected":false},"author":1,"featured_media":0,"parent":0,"menu_order":0,"comment_status":"closed","ping_status":"closed","template":"","meta":{"footnotes":""},"class_list":["post-830","page","type-page","status-publish","hentry"],"_links":{"self":[{"href":"https:\/\/kerespets.ee\/fi\/wp-json\/wp\/v2\/pages\/830","targetHints":{"allow":["GET"]}}],"collection":[{"href":"https:\/\/kerespets.ee\/fi\/wp-json\/wp\/v2\/pages"}],"about":[{"href":"https:\/\/kerespets.ee\/fi\/wp-json\/wp\/v2\/types\/page"}],"author":[{"embeddable":true,"href":"https:\/\/kerespets.ee\/fi\/wp-json\/wp\/v2\/users\/1"}],"replies":[{"embeddable":true,"href":"https:\/\/kerespets.ee\/fi\/wp-json\/wp\/v2\/comments?post=830"}],"version-history":[{"count":2,"href":"https:\/\/kerespets.ee\/fi\/wp-json\/wp\/v2\/pages\/830\/revisions"}],"predecessor-version":[{"id":847,"href":"https:\/\/kerespets.ee\/fi\/wp-json\/wp\/v2\/pages\/830\/revisions\/847"}],"wp:attachment":[{"href":"https:\/\/kerespets.ee\/fi\/wp-json\/wp\/v2\/media?parent=830"}],"curies":[{"name":"wp","href":"https:\/\/api.w.org\/{rel}","templated":true}]}}