{"id":952,"date":"2021-04-23T17:50:26","date_gmt":"2021-04-23T14:50:26","guid":{"rendered":"https:\/\/kerespets.ee\/asendusauto\/"},"modified":"2021-04-27T22:26:11","modified_gmt":"2021-04-27T19:26:11","slug":"asendusauto","status":"publish","type":"page","link":"https:\/\/kerespets.ee\/fi\/asendusauto\/","title":{"rendered":"Korvaava ajoneuvo"},"content":{"rendered":"<div class=\"wpb-content-wrapper\"><p>[vc_row][vc_column width=&#8221;2\/3&#8243;][vc_column_text]<span class=\"tojvnm2t a6sixzi8 abs2jz4q a8s20v7p t1p8iaqh k5wvi7nf q3lfd5jv pk4s997a bipmatt0 cebpdrjk qowsmv63 owwhemhu dp1hu0rb dhp61c6y iyyx5f41\">Tarjoamme asiakkaille ilmaisen ajoneuvon oman auton korjauksen ajaksi. Vaihtoehtoina ovat manuaali tai automaattivaihteistolla henkil\u00f6- ja pakettiautot. Ajoneuvon saa k\u00e4ytt\u00f6\u00f6n kun vakuutusyhti\u00f6 on hyv\u00e4ksynyt korjauslaskennan, varaosat ja materiaalit tilataan meilt\u00e4 ja auto korjataan meid\u00e4n korjaamolla.<br \/>\nIlmoita vikailmoituksen yhteydess\u00e4 korvaavan ajoneuvon tarpeesta ja kysyy lis\u00e4\u00e4 meid\u00e4n henkil\u00f6kunnalta.<br \/>\n<\/span>[\/vc_column_text][\/vc_column][vc_column width=&#8221;1\/3&#8243;][vc_single_image image=&#8221;944&#8243; img_size=&#8221;full&#8221;][\/vc_column][\/vc_row]<\/p>\n<\/div>","protected":false},"excerpt":{"rendered":"<p>[vc_row][vc_column width=&#8221;2\/3&#8243;][vc_column_text]Tarjoamme asiakkaille ilmaisen ajoneuvon oman auton korjauksen ajaksi. Vaihtoehtoina ovat manuaali tai automaattivaihteistolla henkil\u00f6- ja pakettiautot. Ajoneuvon saa k\u00e4ytt\u00f6\u00f6n kun vakuutusyhti\u00f6<\/p>\n","protected":false},"author":1,"featured_media":0,"parent":0,"menu_order":0,"comment_status":"closed","ping_status":"closed","template":"","meta":{"footnotes":""},"class_list":["post-952","page","type-page","status-publish","hentry"],"_links":{"self":[{"href":"https:\/\/kerespets.ee\/fi\/wp-json\/wp\/v2\/pages\/952","targetHints":{"allow":["GET"]}}],"collection":[{"href":"https:\/\/kerespets.ee\/fi\/wp-json\/wp\/v2\/pages"}],"about":[{"href":"https:\/\/kerespets.ee\/fi\/wp-json\/wp\/v2\/types\/page"}],"author":[{"embeddable":true,"href":"https:\/\/kerespets.ee\/fi\/wp-json\/wp\/v2\/users\/1"}],"replies":[{"embeddable":true,"href":"https:\/\/kerespets.ee\/fi\/wp-json\/wp\/v2\/comments?post=952"}],"version-history":[{"count":2,"href":"https:\/\/kerespets.ee\/fi\/wp-json\/wp\/v2\/pages\/952\/revisions"}],"predecessor-version":[{"id":958,"href":"https:\/\/kerespets.ee\/fi\/wp-json\/wp\/v2\/pages\/952\/revisions\/958"}],"wp:attachment":[{"href":"https:\/\/kerespets.ee\/fi\/wp-json\/wp\/v2\/media?parent=952"}],"curies":[{"name":"wp","href":"https:\/\/api.w.org\/{rel}","templated":true}]}}